{"id":139,"date":"2022-09-09T14:51:10","date_gmt":"2022-09-09T14:51:10","guid":{"rendered":"http:\/\/aw.hr.sos.pl\/?page_id=139"},"modified":"2022-09-09T14:51:29","modified_gmt":"2022-09-09T14:51:29","slug":"formularz-b2b","status":"publish","type":"page","link":"https:\/\/aw.hr.sos.pl\/?page_id=139","title":{"rendered":"Formularz B2B"},"content":{"rendered":"\n<h3 class=\"wp-block-heading\">Formularz osoby prowadz\u0105cej dzia\u0142alno\u015b\u0107 gospodarcz\u0105<\/h3>\n\n\n\n<div class=\"wp-block-contact-form-7-contact-form-selector\">\n<div class=\"wpcf7 no-js\" id=\"wpcf7-f138-o1\" lang=\"pl-PL\" dir=\"ltr\">\n<div class=\"screen-reader-response\"><p role=\"status\" aria-live=\"polite\" aria-atomic=\"true\"><\/p> <ul><\/ul><\/div>\n<form action=\"\/index.php?rest_route=%2Fwp%2Fv2%2Fpages%2F139#wpcf7-f138-o1\" method=\"post\" class=\"wpcf7-form init\" aria-label=\"Formularz kontaktowy\" enctype=\"multipart\/form-data\" novalidate=\"novalidate\" data-status=\"init\">\n<div style=\"display: none;\">\n<input type=\"hidden\" name=\"_wpcf7\" value=\"138\" \/>\n<input type=\"hidden\" name=\"_wpcf7_version\" value=\"5.9.6\" \/>\n<input type=\"hidden\" name=\"_wpcf7_locale\" value=\"pl_PL\" \/>\n<input type=\"hidden\" name=\"_wpcf7_unit_tag\" value=\"wpcf7-f138-o1\" \/>\n<input type=\"hidden\" name=\"_wpcf7_container_post\" value=\"0\" \/>\n<input type=\"hidden\" name=\"_wpcf7_posted_data_hash\" value=\"\" \/>\n<\/div>\n<p><label> imi\u0119*<br \/>\n<span class=\"wpcf7-form-control-wrap\" data-name=\"your-name\"><input size=\"40\" maxlength=\"80\" class=\"wpcf7-form-control wpcf7-text wpcf7-validates-as-required\" aria-required=\"true\" aria-invalid=\"false\" value=\"\" type=\"text\" name=\"your-name\" \/><\/span> <\/label>\n<\/p>\n<p><label> nazwisko*<br \/>\n<span class=\"wpcf7-form-control-wrap\" data-name=\"your-surnamename\"><input size=\"40\" maxlength=\"80\" class=\"wpcf7-form-control wpcf7-text wpcf7-validates-as-required\" aria-required=\"true\" aria-invalid=\"false\" value=\"\" type=\"text\" name=\"your-surnamename\" \/><\/span> <\/label>\n<\/p>\n<p><label> PESEL*<br \/>\n<span class=\"wpcf7-form-control-wrap\" data-name=\"your-pesel\"><input size=\"40\" maxlength=\"80\" class=\"wpcf7-form-control wpcf7-text wpcf7-validates-as-required\" aria-required=\"true\" aria-invalid=\"false\" value=\"\" type=\"text\" name=\"your-pesel\" \/><\/span> <\/label>\n<\/p>\n<p>_______________________________________<br \/>\n<label> NIP dzai\u0142alno\u015bci*<br \/>\n<span class=\"wpcf7-form-control-wrap\" data-name=\"your-nip\"><input size=\"40\" maxlength=\"80\" class=\"wpcf7-form-control wpcf7-text wpcf7-validates-as-required\" aria-required=\"true\" aria-invalid=\"false\" value=\"\" type=\"text\" name=\"your-nip\" \/><\/span> <\/label>\n<\/p>\n<p><label> Firma*<br \/>\n<span class=\"wpcf7-form-control-wrap\" data-name=\"your-firma\"><input size=\"40\" maxlength=\"80\" class=\"wpcf7-form-control wpcf7-text wpcf7-validates-as-required\" aria-required=\"true\" aria-invalid=\"false\" value=\"\" type=\"text\" name=\"your-firma\" \/><\/span> <\/label>\n<\/p>\n<p>_______________________________________<br \/>\nAdres do korespondencji\n<\/p>\n<p><label> ulica<br \/>\n<span class=\"wpcf7-form-control-wrap\" data-name=\"street\"><input size=\"40\" maxlength=\"80\" class=\"wpcf7-form-control wpcf7-text\" aria-invalid=\"false\" value=\"\" type=\"text\" name=\"street\" \/><\/span> <\/label>\n<\/p>\n<p><label> numer domu*<br \/>\n<span class=\"wpcf7-form-control-wrap\" data-name=\"number\"><input size=\"40\" maxlength=\"80\" class=\"wpcf7-form-control wpcf7-text wpcf7-validates-as-required\" aria-required=\"true\" aria-invalid=\"false\" value=\"\" type=\"text\" name=\"number\" \/><\/span> <\/label>\n<\/p>\n<p><label> numer mieszkania<br \/>\n<span class=\"wpcf7-form-control-wrap\" data-name=\"number2\"><input size=\"40\" maxlength=\"80\" class=\"wpcf7-form-control wpcf7-text\" aria-invalid=\"false\" value=\"\" type=\"text\" name=\"number2\" \/><\/span> <\/label>\n<\/p>\n<p><label> kod pocztowy*<br \/>\n<span class=\"wpcf7-form-control-wrap\" data-name=\"code\"><input size=\"40\" maxlength=\"80\" class=\"wpcf7-form-control wpcf7-text wpcf7-validates-as-required\" aria-required=\"true\" aria-invalid=\"false\" value=\"\" type=\"text\" name=\"code\" \/><\/span> <\/label>\n<\/p>\n<p><label> miejscowo\u015b\u0107*<br \/>\n<span class=\"wpcf7-form-control-wrap\" data-name=\"city\"><input size=\"40\" maxlength=\"80\" class=\"wpcf7-form-control wpcf7-text wpcf7-validates-as-required\" aria-required=\"true\" aria-invalid=\"false\" value=\"\" type=\"text\" name=\"city\" \/><\/span> <\/label>\n<\/p>\n<p><label> adres e-mail*<br \/>\n<span class=\"wpcf7-form-control-wrap\" data-name=\"your-email\"><input size=\"40\" maxlength=\"80\" class=\"wpcf7-form-control wpcf7-email wpcf7-text wpcf7-validates-as-email\" aria-invalid=\"false\" value=\"\" type=\"email\" name=\"your-email\" \/><\/span> <\/label>\n<\/p>\n<p><label> numer telefonu*<br \/>\n<span class=\"wpcf7-form-control-wrap\" data-name=\"tel-675\"><input size=\"40\" maxlength=\"80\" class=\"wpcf7-form-control wpcf7-tel wpcf7-validates-as-required wpcf7-text wpcf7-validates-as-tel\" aria-required=\"true\" aria-invalid=\"false\" value=\"\" type=\"tel\" name=\"tel-675\" \/><\/span><\/label><br \/>\n_______________________________________<br \/>\nZgody*\n<\/p>\n<p><span class=\"wpcf7-form-control-wrap\" data-name=\"checkbox-285\"><span class=\"wpcf7-form-control wpcf7-checkbox wpcf7-validates-as-required\"><span class=\"wpcf7-list-item first last\"><label><input type=\"checkbox\" name=\"checkbox-285[]\" value=\"Wyra\u017cam zgod\u0119 na przetwarzanie powy\u017cszych danych \u2013 obecnie i w przysz\u0142o\u015bci w celach podatkowych, ubezpieczeniowych i ewidencyjnych przez zleceniodawc\u0119\/zamawiaj\u0105cego.\" \/><span class=\"wpcf7-list-item-label\">Wyra\u017cam zgod\u0119 na przetwarzanie powy\u017cszych danych \u2013 obecnie i w przysz\u0142o\u015bci w celach podatkowych, ubezpieczeniowych i ewidencyjnych przez zleceniodawc\u0119\/zamawiaj\u0105cego.<\/span><\/label><\/span><\/span><\/span><br \/>\n<span class=\"wpcf7-form-control-wrap\" data-name=\"checkbox-286\"><span class=\"wpcf7-form-control wpcf7-checkbox wpcf7-validates-as-required\"><span class=\"wpcf7-list-item first last\"><label><input type=\"checkbox\" name=\"checkbox-286[]\" value=\"Wyra\u017cam zgod\u0119, na kontaktowanie si\u0119 ze mn\u0105 drog\u0105 telefoniczn\u0105 oraz\/lub mailow\u0105 w sprawach zwi\u0105zanych za umow\u0105, rozliczeniami oraz podatkami.\" \/><span class=\"wpcf7-list-item-label\">Wyra\u017cam zgod\u0119, na kontaktowanie si\u0119 ze mn\u0105 drog\u0105 telefoniczn\u0105 oraz\/lub mailow\u0105 w sprawach zwi\u0105zanych za umow\u0105, rozliczeniami oraz podatkami.<\/span><\/label><\/span><\/span><\/span><br \/>\n_______________________________________\n<\/p>\n<p><label> uwagi (opcjonalne)<br \/>\n<span class=\"wpcf7-form-control-wrap\" data-name=\"your-message\"><textarea cols=\"40\" rows=\"10\" maxlength=\"400\" class=\"wpcf7-form-control wpcf7-textarea\" aria-invalid=\"false\" name=\"your-message\"><\/textarea><\/span> <\/label>\n<\/p>\n<p><label> za\u0142\u0105cz pliki (opcjonalnie)<br \/>\n<span class=\"wpcf7-form-control-wrap\" data-name=\"file-178\"><input size=\"40\" class=\"wpcf7-form-control wpcf7-file\" accept=\"audio\/*,video\/*,image\/*\" aria-invalid=\"false\" type=\"file\" name=\"file-178\" \/><\/span> <\/label>\n<\/p>\n<p><input class=\"wpcf7-form-control wpcf7-submit has-spinner\" type=\"submit\" value=\"Wy\u015blij\" \/>\n<\/p><div class=\"wpcf7-response-output\" aria-hidden=\"true\"><\/div>\n<\/form>\n<\/div>\n<\/div>\n","protected":false},"excerpt":{"rendered":"<p>Formularz osoby prowadz\u0105cej dzia\u0142alno\u015b\u0107 gospodarcz\u0105<\/p>\n","protected":false},"author":1,"featured_media":0,"parent":47,"menu_order":0,"comment_status":"closed","ping_status":"closed","template":"","meta":{"footnotes":""},"class_list":["post-139","page","type-page","status-publish","hentry"],"_links":{"self":[{"href":"https:\/\/aw.hr.sos.pl\/index.php?rest_route=\/wp\/v2\/pages\/139","targetHints":{"allow":["GET"]}}],"collection":[{"href":"https:\/\/aw.hr.sos.pl\/index.php?rest_route=\/wp\/v2\/pages"}],"about":[{"href":"https:\/\/aw.hr.sos.pl\/index.php?rest_route=\/wp\/v2\/types\/page"}],"author":[{"embeddable":true,"href":"https:\/\/aw.hr.sos.pl\/index.php?rest_route=\/wp\/v2\/users\/1"}],"replies":[{"embeddable":true,"href":"https:\/\/aw.hr.sos.pl\/index.php?rest_route=%2Fwp%2Fv2%2Fcomments&post=139"}],"version-history":[{"count":1,"href":"https:\/\/aw.hr.sos.pl\/index.php?rest_route=\/wp\/v2\/pages\/139\/revisions"}],"predecessor-version":[{"id":140,"href":"https:\/\/aw.hr.sos.pl\/index.php?rest_route=\/wp\/v2\/pages\/139\/revisions\/140"}],"up":[{"embeddable":true,"href":"https:\/\/aw.hr.sos.pl\/index.php?rest_route=\/wp\/v2\/pages\/47"}],"wp:attachment":[{"href":"https:\/\/aw.hr.sos.pl\/index.php?rest_route=%2Fwp%2Fv2%2Fmedia&parent=139"}],"curies":[{"name":"wp","href":"https:\/\/api.w.org\/{rel}","templated":true}]}}