{"id":159,"date":"2022-09-09T15:21:26","date_gmt":"2022-09-09T15:21:26","guid":{"rendered":"http:\/\/aw.hr.sos.pl\/?page_id=159"},"modified":"2022-09-09T15:21:39","modified_gmt":"2022-09-09T15:21:39","slug":"zlec-uop","status":"publish","type":"page","link":"https:\/\/aw.hr.sos.pl\/?page_id=159","title":{"rendered":"Zle\u0107 UoP"},"content":{"rendered":"\n<h3 class=\"wp-block-heading\">Zle\u0107 Umow\u0119 o Prac\u0119 <\/h3>\n\n\n\n<div class=\"wp-block-contact-form-7-contact-form-selector\">\n<div class=\"wpcf7 no-js\" id=\"wpcf7-f158-o1\" lang=\"pl-PL\" dir=\"ltr\">\n<div class=\"screen-reader-response\"><p role=\"status\" aria-live=\"polite\" aria-atomic=\"true\"><\/p> <ul><\/ul><\/div>\n<form action=\"\/index.php?rest_route=%2Fwp%2Fv2%2Fpages%2F159#wpcf7-f158-o1\" method=\"post\" class=\"wpcf7-form init\" aria-label=\"Formularz kontaktowy\" novalidate=\"novalidate\" data-status=\"init\">\n<div style=\"display: none;\">\n<input type=\"hidden\" name=\"_wpcf7\" value=\"158\" \/>\n<input type=\"hidden\" name=\"_wpcf7_version\" value=\"5.9.6\" \/>\n<input type=\"hidden\" name=\"_wpcf7_locale\" value=\"pl_PL\" \/>\n<input type=\"hidden\" name=\"_wpcf7_unit_tag\" value=\"wpcf7-f158-o1\" \/>\n<input type=\"hidden\" name=\"_wpcf7_container_post\" value=\"0\" \/>\n<input type=\"hidden\" name=\"_wpcf7_posted_data_hash\" value=\"\" \/>\n<\/div>\n<p><label> imi\u0119 i nazwisko Pracownika*<br \/>\n<span class=\"wpcf7-form-control-wrap\" data-name=\"zleceniobiorca\"><input size=\"40\" maxlength=\"80\" class=\"wpcf7-form-control wpcf7-text wpcf7-validates-as-required\" aria-required=\"true\" aria-invalid=\"false\" value=\"\" type=\"text\" name=\"zleceniobiorca\" \/><\/span> <\/label>\n<\/p>\n<p><label> Stanowisko*<br \/>\n<span class=\"wpcf7-form-control-wrap\" data-name=\"stanowisko\"><input size=\"40\" maxlength=\"80\" class=\"wpcf7-form-control wpcf7-text wpcf7-validates-as-required\" aria-required=\"true\" aria-invalid=\"false\" value=\"\" type=\"text\" name=\"stanowisko\" \/><\/span> <\/label>\n<\/p>\n<p><label> zakres obowi\u0105zk\u00f3w<br \/>\n<span class=\"wpcf7-form-control-wrap\" data-name=\"zakres\"><textarea cols=\"40\" rows=\"10\" maxlength=\"400\" class=\"wpcf7-form-control wpcf7-textarea\" aria-invalid=\"false\" name=\"zakres\"><\/textarea><\/span> <\/label>\n<\/p>\n<p><label> wymiar czasu pracy*<br \/>\n<span class=\"wpcf7-form-control-wrap\" data-name=\"wymiar\"><input size=\"40\" maxlength=\"80\" class=\"wpcf7-form-control wpcf7-text wpcf7-validates-as-required\" aria-required=\"true\" aria-invalid=\"false\" value=\"\" type=\"text\" name=\"wymiar\" \/><\/span> <\/label>\n<\/p>\n<p><label> rodzaj umowy*<\/label><span class=\"wpcf7-form-control-wrap\" data-name=\"rodzaj\"><select class=\"wpcf7-form-control wpcf7-select wpcf7-validates-as-required\" aria-required=\"true\" aria-invalid=\"false\" name=\"rodzaj\"><option value=\"okres pr\u00f3bny\">okres pr\u00f3bny<\/option><option value=\"czas okre\u015blony\">czas okre\u015blony<\/option><option value=\"czas nieokre\u015blony\">czas nieokre\u015blony<\/option><\/select><\/span>\n<\/p>\n<p>zakres dat<br \/>\n<label> umowa od*<br \/>\n<span class=\"wpcf7-form-control-wrap\" data-name=\"dataOd\"><input class=\"wpcf7-form-control wpcf7-date wpcf7-validates-as-date\" min=\"2022-01-01\" aria-invalid=\"false\" value=\"\" type=\"date\" name=\"dataOd\" \/><\/span> <\/label><br \/>\n<label> umowa do (je\u015bli terminowa)<br \/>\n<span class=\"wpcf7-form-control-wrap\" data-name=\"dataDo\"><input class=\"wpcf7-form-control wpcf7-date wpcf7-validates-as-date\" min=\"2022-01-01\" aria-invalid=\"false\" value=\"\" type=\"date\" name=\"dataDo\" \/><\/span> <\/label>\n<\/p>\n<p><label> Wynagrodzenie*<br \/>\n<span class=\"wpcf7-form-control-wrap\" data-name=\"wynagrodzenie\"><input size=\"40\" maxlength=\"80\" class=\"wpcf7-form-control wpcf7-text wpcf7-validates-as-required\" aria-required=\"true\" aria-invalid=\"false\" value=\"\" type=\"text\" name=\"wynagrodzenie\" \/><\/span> <\/label><span class=\"wpcf7-form-control-wrap\" data-name=\"netto-brutto\"><select class=\"wpcf7-form-control wpcf7-select wpcf7-validates-as-required\" aria-required=\"true\" aria-invalid=\"false\" name=\"netto-brutto\"><option value=\"brutto\">brutto<\/option><option value=\"netto\">netto<\/option><\/select><\/span>\n<\/p>\n<p><label> gdzie przypisa\u0107 koszt\/ MPK*<br \/>\n<span class=\"wpcf7-form-control-wrap\" data-name=\"miejsce\"><input size=\"40\" maxlength=\"80\" class=\"wpcf7-form-control wpcf7-text wpcf7-validates-as-required\" aria-required=\"true\" aria-invalid=\"false\" value=\"\" type=\"text\" name=\"miejsce\" \/><\/span> <\/label>\n<\/p>\n<p>______________________________________________<br \/>\n<label> Uwagi (opcjonalnie)<br \/>\n<span class=\"wpcf7-form-control-wrap\" data-name=\"uwagi\"><input size=\"40\" maxlength=\"80\" class=\"wpcf7-form-control wpcf7-text\" aria-invalid=\"false\" value=\"\" type=\"text\" name=\"uwagi\" \/><\/span> <\/label>\n<\/p>\n<p>______________________________________________<br \/>\nOpiekun umowy<br \/>\n<label> Imi\u0119 i nazwisko*<br \/>\n<span class=\"wpcf7-form-control-wrap\" data-name=\"opiekun\"><input size=\"40\" maxlength=\"80\" class=\"wpcf7-form-control wpcf7-text wpcf7-validates-as-required\" aria-required=\"true\" aria-invalid=\"false\" value=\"\" type=\"text\" name=\"opiekun\" \/><\/span><\/label>\n<\/p>\n<p><label> adres e-mail opiekuna*<br \/>\n<span class=\"wpcf7-form-control-wrap\" data-name=\"your-email\"><input size=\"40\" maxlength=\"80\" class=\"wpcf7-form-control wpcf7-email wpcf7-validates-as-required wpcf7-text wpcf7-validates-as-email\" aria-required=\"true\" aria-invalid=\"false\" value=\"\" type=\"email\" name=\"your-email\" \/><\/span> <\/label>\n<\/p>\n<p><input class=\"wpcf7-form-control wpcf7-submit has-spinner\" type=\"submit\" value=\"Wy\u015blij\" \/>\n<\/p><div class=\"wpcf7-response-output\" aria-hidden=\"true\"><\/div>\n<\/form>\n<\/div>\n<\/div>\n","protected":false},"excerpt":{"rendered":"<p>Zle\u0107 Umow\u0119 o Prac\u0119<\/p>\n","protected":false},"author":1,"featured_media":0,"parent":49,"menu_order":0,"comment_status":"closed","ping_status":"closed","template":"","meta":{"footnotes":""},"class_list":["post-159","page","type-page","status-publish","hentry"],"_links":{"self":[{"href":"https:\/\/aw.hr.sos.pl\/index.php?rest_route=\/wp\/v2\/pages\/159","targetHints":{"allow":["GET"]}}],"collection":[{"href":"https:\/\/aw.hr.sos.pl\/index.php?rest_route=\/wp\/v2\/pages"}],"about":[{"href":"https:\/\/aw.hr.sos.pl\/index.php?rest_route=\/wp\/v2\/types\/page"}],"author":[{"embeddable":true,"href":"https:\/\/aw.hr.sos.pl\/index.php?rest_route=\/wp\/v2\/users\/1"}],"replies":[{"embeddable":true,"href":"https:\/\/aw.hr.sos.pl\/index.php?rest_route=%2Fwp%2Fv2%2Fcomments&post=159"}],"version-history":[{"count":1,"href":"https:\/\/aw.hr.sos.pl\/index.php?rest_route=\/wp\/v2\/pages\/159\/revisions"}],"predecessor-version":[{"id":160,"href":"https:\/\/aw.hr.sos.pl\/index.php?rest_route=\/wp\/v2\/pages\/159\/revisions\/160"}],"up":[{"embeddable":true,"href":"https:\/\/aw.hr.sos.pl\/index.php?rest_route=\/wp\/v2\/pages\/49"}],"wp:attachment":[{"href":"https:\/\/aw.hr.sos.pl\/index.php?rest_route=%2Fwp%2Fv2%2Fmedia&parent=159"}],"curies":[{"name":"wp","href":"https:\/\/api.w.org\/{rel}","templated":true}]}}